{"id":8,"date":"2017-11-01T09:24:01","date_gmt":"2017-11-01T09:24:01","guid":{"rendered":"http:\/\/husdyrfoto.no\/?page_id=8"},"modified":"2017-11-17T16:59:10","modified_gmt":"2017-11-17T16:59:10","slug":"bokene-mine","status":"publish","type":"page","link":"https:\/\/www.husdyrfoto.no\/?page_id=8","title":{"rendered":"B\u00f8ker og postkort"},"content":{"rendered":"<p>Jeg har skrevet 11 b\u00f8ker om husdyrene v\u00e5re + 3 b\u00f8ker i samarbeid med etolog Bergljot B\u00f8rresen. Er litt stolt, for disse b\u00f8kene er til sammen solgt i rundt 200 000 ex.<\/p>\n<p>Her er en oversikt over alle 14 b\u00f8kene:<\/p>\n<ul>\n<li>1990 kom <strong>Ut fra fj\u00f8s og binge<\/strong>, Kolibri Forlag<\/li>\n<li>1994 kom <strong>Dyra p\u00e5 g\u00e5rden<\/strong>, Gyldendal og Bokklubbens Barn<\/li>\n<li>1996 kom <strong>Norske husdyr<\/strong>, <span class=\"text_exposed_show\">Gyldendal og Bokklubbens Barn<\/span><\/li>\n<li><span class=\"text_exposed_show\">1997 kom <strong>CD-rom<\/strong> med 800 bilder og 24 historier,Gyldendal<\/span><\/li>\n<li><span class=\"text_exposed_show\">1999 kom <strong>Husdyrliv<\/strong>, tekst Bergljot B\u00f8rresen, Gyldendal<\/span><\/li>\n<li><span class=\"text_exposed_show\">2000 kom <strong>Dyr jeg kjenner<\/strong>, Gyldendal og Bokklubbens Barn<\/span><\/li>\n<li><span class=\"text_exposed_show\">2001 kom <strong>Min f\u00f8rste husdyrbok<\/strong>, Landbruksforlaget<\/span><\/li>\n<li><span class=\"text_exposed_show\">2002 kom <strong>Hest i Norge<\/strong>, tekst Bergljot B\u00f8rresen,Landbruksforlaget<\/span><\/li>\n<li><span class=\"text_exposed_show\">2003 kom <strong>Du og jeg og dyrene, vi gj\u00f8r det samme<\/strong>, Gyldendal og Bokklubbens Barn<\/span><\/li>\n<li><span class=\"text_exposed_show\">2004 kom <strong>\u00c5 jeg vet en seter<\/strong>, \u00a0Gyldendal og Bokklubbens Barn<\/span><\/li>\n<li><span class=\"text_exposed_show\">2004 kom <strong>Den store boken om husdyrene og <\/strong><\/span><span class=\"text_exposed_show\"><strong>menneskene deres<\/strong>, tekst Bergljot B\u00f8rresen, \u00a0Gyldendal<\/span><\/li>\n<li><span class=\"text_exposed_show\">2008 kom <strong>Barnas husdyrbok<\/strong>, \u00a0Gyldendal og Bokklubbens Barn<\/span><\/li>\n<li><span class=\"text_exposed_show\">2013 kom <strong>Fola Blakken<\/strong>, Gyldendal og Bokklubbens Barn<\/span><\/li>\n<li><span class=\"text_exposed_show\">2015 kom <strong>Livet p\u00e5 g\u00e5rden<\/strong>, Gyldendal og CappelenDamm bokklubb<\/span><\/li>\n<\/ul>\n<p>&laquo;Livet p\u00e5 g\u00e5rden&raquo; og &laquo;Hest i Norge&raquo; kan nok bestilles i bokhandelen, alt annet er utsolgt.<\/p>\n<p>&nbsp;<\/p>\n<p><strong>Men jeg har heldigvis f\u00f8lgende 5 b\u00f8ker for salg :<\/strong><\/p>\n<div class=\"pt-cv-wrapper\"><div class=\"pt-cv-view pt-cv-grid pt-cv-colsys\" id=\"pt-cv-view-e43c014fol\"><div data-id=\"pt-cv-page-1\" class=\"pt-cv-page\" data-cvc=\"3\"><div class=\"col-md-4 col-sm-6 col-xs-12 pt-cv-content-item pt-cv-1-col\" ><div class='pt-cv-ifield'><a href=\"https:\/\/www.husdyrfoto.no\/?p=607\" class=\"_self pt-cv-href-thumbnail pt-cv-thumb-default\" target=\"_self\" ><\/a>\n<h4 class=\"pt-cv-title\"><a href=\"https:\/\/www.husdyrfoto.no\/?p=607\" class=\"_self\" target=\"_self\" >Barnas husdyrbok<\/a><\/h4><\/div><\/div>\n<div class=\"col-md-4 col-sm-6 col-xs-12 pt-cv-content-item pt-cv-1-col\" ><div class='pt-cv-ifield'><a href=\"https:\/\/www.husdyrfoto.no\/?p=300\" class=\"_self pt-cv-href-thumbnail pt-cv-thumb-default\" target=\"_self\" ><\/a>\n<h4 class=\"pt-cv-title\"><a href=\"https:\/\/www.husdyrfoto.no\/?p=300\" class=\"_self\" target=\"_self\" >Den store boken om husdyrene og menneskene deres<\/a><\/h4><\/div><\/div>\n<div class=\"col-md-4 col-sm-6 col-xs-12 pt-cv-content-item pt-cv-1-col\" ><div class='pt-cv-ifield'><a href=\"https:\/\/www.husdyrfoto.no\/?p=294\" class=\"_self pt-cv-href-thumbnail pt-cv-thumb-default\" target=\"_self\" ><\/a>\n<h4 class=\"pt-cv-title\"><a href=\"https:\/\/www.husdyrfoto.no\/?p=294\" class=\"_self\" target=\"_self\" >Fola Blakken<\/a><\/h4><\/div><\/div>\n<div class=\"col-md-4 col-sm-6 col-xs-12 pt-cv-content-item pt-cv-1-col\" ><div class='pt-cv-ifield'><a href=\"https:\/\/www.husdyrfoto.no\/?p=297\" class=\"_self pt-cv-href-thumbnail pt-cv-thumb-default\" target=\"_self\" ><\/a>\n<h4 class=\"pt-cv-title\"><a href=\"https:\/\/www.husdyrfoto.no\/?p=297\" class=\"_self\" target=\"_self\" >Livet p\u00e5 g\u00e5rden<\/a><\/h4><\/div><\/div>\n<div class=\"col-md-4 col-sm-6 col-xs-12 pt-cv-content-item pt-cv-1-col\" ><div class='pt-cv-ifield'><a href=\"https:\/\/www.husdyrfoto.no\/?p=302\" class=\"_self pt-cv-href-thumbnail pt-cv-thumb-default\" target=\"_self\" ><\/a>\n<h4 class=\"pt-cv-title\"><a href=\"https:\/\/www.husdyrfoto.no\/?p=302\" class=\"_self\" target=\"_self\" >Min f\u00f8rste husdyrbok<\/a><\/h4><\/div><\/div><\/div><\/div><\/div>\n<p><strong>Jeg har ogs\u00e5 trykket opp 10 postkort:<\/strong><\/p>\n<div class=\"pt-cv-wrapper\"><div class=\"pt-cv-view pt-cv-grid pt-cv-colsys\" id=\"pt-cv-view-8123c0dd0u\"><div data-id=\"pt-cv-page-1\" class=\"pt-cv-page\" data-cvc=\"2\"><div class=\"col-md-6 col-sm-6 col-xs-12 pt-cv-content-item pt-cv-1-col\" ><div class='pt-cv-ifield'><h4 class=\"pt-cv-title\"><a href=\"https:\/\/www.husdyrfoto.no\/?p=396\" class=\"_self\" target=\"_self\" >Ti postkort<\/a><\/h4><\/div><\/div><\/div><\/div><\/div>\n","protected":false},"excerpt":{"rendered":"<p>Jeg har skrevet 11 b\u00f8ker om husdyrene v\u00e5re + 3 b\u00f8ker i samarbeid med etolog Bergljot B\u00f8rresen. Er litt stolt, for disse b\u00f8kene er til sammen solgt i rundt 200 000 ex. Her er en oversikt over alle 14 b\u00f8kene:<\/p>\n","protected":false},"author":1,"featured_media":503,"parent":0,"menu_order":0,"comment_status":"closed","ping_status":"closed","template":"","meta":{"footnotes":""},"class_list":["post-8","page","type-page","status-publish","has-post-thumbnail","hentry"],"_links":{"self":[{"href":"https:\/\/www.husdyrfoto.no\/index.php?rest_route=\/wp\/v2\/pages\/8","targetHints":{"allow":["GET"]}}],"collection":[{"href":"https:\/\/www.husdyrfoto.no\/index.php?rest_route=\/wp\/v2\/pages"}],"about":[{"href":"https:\/\/www.husdyrfoto.no\/index.php?rest_route=\/wp\/v2\/types\/page"}],"author":[{"embeddable":true,"href":"https:\/\/www.husdyrfoto.no\/index.php?rest_route=\/wp\/v2\/users\/1"}],"replies":[{"embeddable":true,"href":"https:\/\/www.husdyrfoto.no\/index.php?rest_route=%2Fwp%2Fv2%2Fcomments&post=8"}],"version-history":[{"count":30,"href":"https:\/\/www.husdyrfoto.no\/index.php?rest_route=\/wp\/v2\/pages\/8\/revisions"}],"predecessor-version":[{"id":636,"href":"https:\/\/www.husdyrfoto.no\/index.php?rest_route=\/wp\/v2\/pages\/8\/revisions\/636"}],"wp:featuredmedia":[{"embeddable":true,"href":"https:\/\/www.husdyrfoto.no\/index.php?rest_route=\/wp\/v2\/media\/503"}],"wp:attachment":[{"href":"https:\/\/www.husdyrfoto.no\/index.php?rest_route=%2Fwp%2Fv2%2Fmedia&parent=8"}],"curies":[{"name":"wp","href":"https:\/\/api.w.org\/{rel}","templated":true}]}}