{"id":534,"date":"2017-11-15T20:43:31","date_gmt":"2017-11-15T20:43:31","guid":{"rendered":"http:\/\/husdyrfoto.no\/?page_id=534"},"modified":"2019-12-15T13:37:18","modified_gmt":"2019-12-15T13:37:18","slug":"litt-om-fotografen","status":"publish","type":"page","link":"https:\/\/www.husdyrfoto.no\/?page_id=534","title":{"rendered":"Litt om fotografen"},"content":{"rendered":"<p><img loading=\"lazy\" decoding=\"async\" class=\"size-medium wp-image-602 aligncenter\" src=\"http:\/\/husdyrfoto.no\/wp-content\/uploads\/2017\/11\/68287-1-268x300.jpg\" alt=\"\" width=\"268\" height=\"300\" srcset=\"https:\/\/www.husdyrfoto.no\/wp-content\/uploads\/2017\/11\/68287-1-268x300.jpg 268w, https:\/\/www.husdyrfoto.no\/wp-content\/uploads\/2017\/11\/68287-1.jpg 357w\" sizes=\"auto, (max-width: 268px) 100vw, 268px\" \/><\/p>\n<p>Hei, jeg heter Vera Gjers\u00f8e og har drevet Husdyrfoto Bildearkiv siden 1995. Bare med egne bilder.<\/p>\n<p>Her presenterer jeg bilder for salg til private, institusjoner, barnehager og ikke minst til steder som tar imot turister. Bilder av norske husdyr p\u00e5 veggen gir en hyggelig og lun atmosf\u00e6re.<\/p>\n<p>Jeg bor p\u00e5 en liten g\u00e5rd p\u00e5 Voss og har fotomotivene rundt meg. Reiser meget og har tatt bilder av husdyr over hele landet. Har ogs\u00e5 mange landbruksrelaterte bilder.<\/p>\n<p>Min f\u00f8rste barnebok kom ut p\u00e5 Kolibri forlag i 1990. De fleste b\u00f8kene er utgitt p\u00e5 Gyldendal\/Bokklubbens Barn.<\/p>\n<p>Til sammen har jeg solgt rundt 200 000 b\u00f8ker, og det er veldig mye, for jeg er jo fullstendig ukjent for folk flest \ud83d\ude42<\/p>\n<p style=\"text-align: center;\">Vera Gjers\u00f8e,<br \/>\nMeringavegen 131,<br \/>\n5706 Voss<\/p>\n<p style=\"text-align: center;\">Tlf: \u00a090 15 70 70 \u00a0eller \u00a056 51 53 27<\/p>\n<p style=\"text-align: center;\">E-mail: \u00a0 <strong><a href=\"mailto:vera@husdyrfoto.no\">vera@husdyrfoto.no<\/a><\/strong><\/p>\n<p style=\"text-align: center;\">\n","protected":false},"excerpt":{"rendered":"<p>Hei, jeg heter Vera Gjers\u00f8e og har drevet Husdyrfoto Bildearkiv siden 1995. Bare med egne bilder. Her presenterer jeg bilder for salg til private, institusjoner, barnehager og ikke minst til steder som tar imot turister. Bilder av norske husdyr p\u00e5<\/p>\n","protected":false},"author":3,"featured_media":0,"parent":5,"menu_order":0,"comment_status":"closed","ping_status":"closed","template":"","meta":{"footnotes":""},"class_list":["post-534","page","type-page","status-publish","hentry"],"_links":{"self":[{"href":"https:\/\/www.husdyrfoto.no\/index.php?rest_route=\/wp\/v2\/pages\/534","targetHints":{"allow":["GET"]}}],"collection":[{"href":"https:\/\/www.husdyrfoto.no\/index.php?rest_route=\/wp\/v2\/pages"}],"about":[{"href":"https:\/\/www.husdyrfoto.no\/index.php?rest_route=\/wp\/v2\/types\/page"}],"author":[{"embeddable":true,"href":"https:\/\/www.husdyrfoto.no\/index.php?rest_route=\/wp\/v2\/users\/3"}],"replies":[{"embeddable":true,"href":"https:\/\/www.husdyrfoto.no\/index.php?rest_route=%2Fwp%2Fv2%2Fcomments&post=534"}],"version-history":[{"count":20,"href":"https:\/\/www.husdyrfoto.no\/index.php?rest_route=\/wp\/v2\/pages\/534\/revisions"}],"predecessor-version":[{"id":725,"href":"https:\/\/www.husdyrfoto.no\/index.php?rest_route=\/wp\/v2\/pages\/534\/revisions\/725"}],"up":[{"embeddable":true,"href":"https:\/\/www.husdyrfoto.no\/index.php?rest_route=\/wp\/v2\/pages\/5"}],"wp:attachment":[{"href":"https:\/\/www.husdyrfoto.no\/index.php?rest_route=%2Fwp%2Fv2%2Fmedia&parent=534"}],"curies":[{"name":"wp","href":"https:\/\/api.w.org\/{rel}","templated":true}]}}