{"id":5,"date":"2017-11-01T09:22:16","date_gmt":"2017-11-01T09:22:16","guid":{"rendered":"http:\/\/husdyrfoto.no\/?page_id=5"},"modified":"2019-12-15T13:39:22","modified_gmt":"2019-12-15T13:39:22","slug":"velkommen","status":"publish","type":"page","link":"https:\/\/www.husdyrfoto.no\/","title":{"rendered":"Velkommen"},"content":{"rendered":"<h1>Velkommen til hjemmesiden min<\/h1>\n<p><img loading=\"lazy\" decoding=\"async\" class=\"size-medium wp-image-602 alignleft\" src=\"https:\/\/www.husdyrfoto.no\/wp-content\/uploads\/2017\/11\/68287-1-268x300.jpg\" alt=\"\" width=\"268\" height=\"300\" srcset=\"https:\/\/www.husdyrfoto.no\/wp-content\/uploads\/2017\/11\/68287-1-268x300.jpg 268w, https:\/\/www.husdyrfoto.no\/wp-content\/uploads\/2017\/11\/68287-1.jpg 357w\" sizes=\"auto, (max-width: 268px) 100vw, 268px\" \/>Her legger jeg ut bilder &#8211; alle med husdyrmotiv.<\/p>\n<p>I 2017 \u00a0hadde jeg en stor utstilling p\u00e5 Voss med 100 bilder.\u00a0 N\u00e5 kan bildene kj\u00f8pes her p\u00e5 hjemmesiden min.<\/p>\n<p>Jeg selger ogs\u00e5 b\u00f8ker og postkort.<\/p>\n<p><em>\u00a0 \u00a0 \u00a0 \u00a0 \u00a0 \u00a0 \u00a0 \u00a0 \u00a0 \u00a0 \u00a0 <\/em><\/p>\n<p style=\"text-align: center;\"><em>Hilsen<br \/>\n<\/em><em>Vera Gjers\u00f8e<\/em><\/p>\n<p>En stor takk til min gode venn <a href=\"http:\/\/garmann.info\" target=\"_blank\" rel=\"noopener noreferrer\">Rune Garmann<\/a> som har satt opp denne hjemmesiden for meg.<\/p>\n<p style=\"text-align: right;\">\n","protected":false},"excerpt":{"rendered":"<p>Velkommen til hjemmesiden min Her legger jeg ut bilder &#8211; alle med husdyrmotiv. I 2017 \u00a0hadde jeg en stor utstilling p\u00e5 Voss med 100 bilder.\u00a0 N\u00e5 kan bildene kj\u00f8pes her p\u00e5 hjemmesiden min. Jeg selger ogs\u00e5 b\u00f8ker og postkort. \u00a0<\/p>\n","protected":false},"author":1,"featured_media":98,"parent":0,"menu_order":0,"comment_status":"closed","ping_status":"closed","template":"","meta":{"footnotes":""},"class_list":["post-5","page","type-page","status-publish","has-post-thumbnail","hentry"],"_links":{"self":[{"href":"https:\/\/www.husdyrfoto.no\/index.php?rest_route=\/wp\/v2\/pages\/5","targetHints":{"allow":["GET"]}}],"collection":[{"href":"https:\/\/www.husdyrfoto.no\/index.php?rest_route=\/wp\/v2\/pages"}],"about":[{"href":"https:\/\/www.husdyrfoto.no\/index.php?rest_route=\/wp\/v2\/types\/page"}],"author":[{"embeddable":true,"href":"https:\/\/www.husdyrfoto.no\/index.php?rest_route=\/wp\/v2\/users\/1"}],"replies":[{"embeddable":true,"href":"https:\/\/www.husdyrfoto.no\/index.php?rest_route=%2Fwp%2Fv2%2Fcomments&post=5"}],"version-history":[{"count":53,"href":"https:\/\/www.husdyrfoto.no\/index.php?rest_route=\/wp\/v2\/pages\/5\/revisions"}],"predecessor-version":[{"id":728,"href":"https:\/\/www.husdyrfoto.no\/index.php?rest_route=\/wp\/v2\/pages\/5\/revisions\/728"}],"wp:featuredmedia":[{"embeddable":true,"href":"https:\/\/www.husdyrfoto.no\/index.php?rest_route=\/wp\/v2\/media\/98"}],"wp:attachment":[{"href":"https:\/\/www.husdyrfoto.no\/index.php?rest_route=%2Fwp%2Fv2%2Fmedia&parent=5"}],"curies":[{"name":"wp","href":"https:\/\/api.w.org\/{rel}","templated":true}]}}