{"id":27,"date":"2017-11-01T09:38:47","date_gmt":"2017-11-01T09:38:47","guid":{"rendered":"http:\/\/husdyrfoto.no\/?page_id=27"},"modified":"2017-11-12T10:16:32","modified_gmt":"2017-11-12T10:16:32","slug":"geiter","status":"publish","type":"page","link":"https:\/\/www.husdyrfoto.no\/?page_id=27","title":{"rendered":"Geiter"},"content":{"rendered":"<p>Her kommer et lite geitegalleri.<\/p>\n<p>&nbsp;<\/p>\n<div id=\"grid-gallery-4-35036\" data-gg-id=\"4\" data-title=\"Geitegalleri_2\" data-grid-type=\"2\" data-offset=\"10.3\" data-area-position=\"center\" data-icons=\"\" data-preloader=\"true\" data-width=\"auto\" data-height=\"215\" data-padding=\"0\" data-quicksand=\"disabled\" data-quicksand-duration=\"none\" data-popup-theme=\"theme_6\" data-popup-type=\"pretty-photo\" data-popup-image-text=\"data-description\" data-popup-widthsize=\"auto\" data-popup-heightsize=\"auto\" data-popup-i18n-words=\"{&quot;close&quot;:&quot;close&quot;,&quot;next&quot;:&quot;next&quot;,&quot;previous&quot;:&quot;previous&quot;,&quot;start_slideshow&quot;:&quot;start slideshow&quot;,&quot;stop_slideshow&quot;:&quot;stop slideshow&quot;,&quot;image&quot;:&quot;image&quot;,&quot;of&quot;:&quot;of&quot;,&quot;prev&quot;:&quot;prev&quot;,&quot;cExpand&quot;:&quot;Expand&quot;,&quot;cPrevious&quot;:&quot;Previous&quot;,&quot;cNext&quot;:&quot;Next&quot;,&quot;cExpandStr&quot;:&quot;Expand the image&quot;,&quot;cRotate&quot;:&quot;Rotate&quot;,&quot;cDetails&quot;:&quot;Details&quot;}\" data-popup-slideshow=\"false\" data-popup-slideshow-speed=\"2500\" data-popup-hoverstop=\"false\" data-popup-slideshow-auto=\"false\" data-popup-background=\"\" data-popup-transparency=\"30\" data-popup-disable-history=\"\" data-popup-disable-changed-url=\"\" data-popup-border-type=\"\" data-popup-border-color=\"\" data-popup-border-width=\"\" data-popup-border-enable=\"\" data-fullscreen=\"false\" data-hide-tooltip=\"false\" data-caption-font-family=\"Default\" data-caption-text-size=\"140\" data-is-mobile=\"0\" data-caption-mobile=\"false\" data-hide-long-tltp-title=\"0\" data-caption-disabled-on-mobile=\"false\" data-popup-placement-type=\"0\" data-social-sharing=\"{&quot;enabled&quot;:&quot;&quot;,&quot;gallerySharing&quot;:{&quot;enabled&quot;:null,&quot;position&quot;:null},&quot;imageSharing&quot;:{&quot;enabled&quot;:null,&quot;wrapperClass&quot;:&quot; vertical &quot;},&quot;popupSharing&quot;:{&quot;enabled&quot;:null,&quot;wrapperClass&quot;:&quot; vertical &quot;}}\" class=\"grid-gallery grid-gallery-fixed \" style=\" width:100%; height:auto; margin-left:auto; margin-right:auto;position:relative;\"> <div class=\"gallery-loading\"> <div class=\"blocks\"> <div class=\"block\"><\/div> <div class=\"block\"><\/div> <div class=\"block\"><\/div> <div class=\"block\"><\/div> <\/div> <\/div> <div class=\"gallery-sharing-top\" style=\"display:none;\"> <\/div> <div id=\"photos-4\" class=\"grid-gallery-photos\"><FIGURE class=\"grid-gallery-caption\" data-grid-gallery-type=\"quarter-two-step\" data-index=\"0\" style=\"display:none;border-radius:00;; margin:5.15px; height:2150; width:auto;\" ><div class=\"crop\" style=\"\"><img decoding=\"async\" src=\"https:\/\/www.husdyrfoto.no\/wp-content\/uploads\/2017\/11\/68460-143x215.jpg\" class=\"ggImg ggNotInitImg\" alt=\"Et intenst geiteblikk\" title=\"68460\" data-description=\"68460\" data-caption=\"Bilde nr 68460\" data-title=\"68460\" style=\" height:215px; width:auto;\" \/><\/div><FIGCAPTION class=\"\" data-alpha=\"5\" style=\"color:#ffffff; background-color:#0c0000; font-size:140; text-align:left; font-family:Default;\" ><div class=\"grid-gallery-figcaption-wrap\" style=\"\"><\/div><\/FIGCAPTION><\/FIGURE><FIGURE class=\"grid-gallery-caption\" data-grid-gallery-type=\"quarter-two-step\" data-index=\"1\" style=\"display:none;border-radius:00;; margin:5.15px; height:2150; width:auto;\" ><div class=\"crop\" style=\"\"><img decoding=\"async\" src=\"https:\/\/www.husdyrfoto.no\/wp-content\/uploads\/2017\/11\/70285-323x215.jpg\" class=\"ggImg ggNotInitImg\" alt=\"Afrikansk dverggeit med killingene sine\" title=\"70285\" data-description=\"70285\" data-caption=\"Bilde nr 70285\" data-title=\"70285\" style=\" height:215px; width:auto;\" \/><\/div><FIGCAPTION class=\"\" data-alpha=\"5\" style=\"color:#ffffff; background-color:#0c0000; font-size:140; text-align:left; font-family:Default;\" ><div class=\"grid-gallery-figcaption-wrap\" style=\"\"><\/div><\/FIGCAPTION><\/FIGURE><FIGURE class=\"grid-gallery-caption\" data-grid-gallery-type=\"quarter-two-step\" data-index=\"2\" style=\"display:none;border-radius:00;; margin:5.15px; height:2150; width:auto;\" ><div class=\"crop\" style=\"\"><img decoding=\"async\" src=\"https:\/\/www.husdyrfoto.no\/wp-content\/uploads\/2017\/11\/60655-323x215.jpg\" class=\"ggImg ggNotInitImg\" alt=\"Geiter i Luster\" title=\"60655\" data-description=\"60655\" data-caption=\"Bilde nr 60655\" data-title=\"60655\" style=\" height:215px; width:auto;\" \/><\/div><FIGCAPTION class=\"\" data-alpha=\"5\" style=\"color:#ffffff; background-color:#0c0000; font-size:140; text-align:left; font-family:Default;\" ><div class=\"grid-gallery-figcaption-wrap\" style=\"\"><\/div><\/FIGCAPTION><\/FIGURE><FIGURE class=\"grid-gallery-caption\" data-grid-gallery-type=\"quarter-two-step\" data-index=\"3\" style=\"display:none;border-radius:00;; margin:5.15px; height:2150; width:auto;\" ><div class=\"crop\" style=\"\"><img decoding=\"async\" src=\"https:\/\/www.husdyrfoto.no\/wp-content\/uploads\/2017\/11\/60533-305x215.jpg\" class=\"ggImg ggNotInitImg\" alt=\"Geitekos\" title=\"60533\" data-description=\"60533\" data-caption=\"Bilde nr 60533\" data-title=\"60533\" style=\" height:215px; width:auto;\" \/><\/div><FIGCAPTION class=\"\" data-alpha=\"5\" style=\"color:#ffffff; background-color:#0c0000; font-size:140; text-align:left; font-family:Default;\" ><div class=\"grid-gallery-figcaption-wrap\" style=\"\"><\/div><\/FIGCAPTION><\/FIGURE><FIGURE class=\"grid-gallery-caption\" data-grid-gallery-type=\"quarter-two-step\" data-index=\"4\" style=\"display:none;border-radius:00;; margin:5.15px; height:2150; width:auto;\" ><div class=\"crop\" style=\"\"><img decoding=\"async\" src=\"https:\/\/www.husdyrfoto.no\/wp-content\/uploads\/2017\/11\/30490_46-316x215.jpg\" class=\"ggImg ggNotInitImg\" alt=\"Trygt og godt \u00e5 v\u00e6re to\" title=\"30490_46\" data-description=\"30490_46\" data-caption=\"Bilde nr 30490\" data-title=\"30490_46\" style=\" height:215px; width:auto;\" \/><\/div><FIGCAPTION class=\"\" data-alpha=\"5\" style=\"color:#ffffff; background-color:#0c0000; font-size:140; text-align:left; font-family:Default;\" ><div class=\"grid-gallery-figcaption-wrap\" style=\"\"><\/div><\/FIGCAPTION><\/FIGURE><FIGURE class=\"grid-gallery-caption\" data-grid-gallery-type=\"quarter-two-step\" data-index=\"5\" style=\"display:none;border-radius:00;; margin:5.15px; height:2150; width:auto;\" ><div class=\"crop\" style=\"\"><img decoding=\"async\" src=\"https:\/\/www.husdyrfoto.no\/wp-content\/uploads\/2017\/11\/13817-139x215.jpg\" class=\"ggImg ggNotInitImg\" alt=\"Unggeit med egen portal\" title=\"13817\" data-description=\"13817\" data-caption=\"Bilde nr 13817\" data-title=\"13817\" style=\" height:215px; width:auto;\" \/><\/div><FIGCAPTION class=\"\" data-alpha=\"5\" style=\"color:#ffffff; background-color:#0c0000; font-size:140; text-align:left; font-family:Default;\" ><div class=\"grid-gallery-figcaption-wrap\" style=\"\"><\/div><\/FIGCAPTION><\/FIGURE><FIGURE class=\"grid-gallery-caption\" data-grid-gallery-type=\"quarter-two-step\" data-index=\"6\" style=\"display:none;border-radius:00;; margin:5.15px; height:2150; width:auto;\" ><div class=\"crop\" style=\"\"><img decoding=\"async\" src=\"https:\/\/www.husdyrfoto.no\/wp-content\/uploads\/2017\/11\/13101_455-139x215.jpg\" class=\"ggImg ggNotInitImg\" alt=\"Horn er geitas stolthet\" title=\"13101\" data-description=\"13101\" data-caption=\"Bilde nr 13101\" data-title=\"13101\" style=\" height:215px; width:auto;\" \/><\/div><FIGCAPTION class=\"\" data-alpha=\"5\" style=\"color:#ffffff; background-color:#0c0000; font-size:140; text-align:left; font-family:Default;\" ><div class=\"grid-gallery-figcaption-wrap\" style=\"\"><\/div><\/FIGCAPTION><\/FIGURE><FIGURE class=\"grid-gallery-caption\" data-grid-gallery-type=\"quarter-two-step\" data-index=\"7\" style=\"display:none;border-radius:00;; margin:5.15px; height:2150; width:auto;\" ><div class=\"crop\" style=\"\"><img decoding=\"async\" src=\"https:\/\/www.husdyrfoto.no\/wp-content\/uploads\/2017\/11\/07377_46-334x215.jpg\" class=\"ggImg ggNotInitImg\" alt=\"Hjem til melking\" title=\"07377\" data-description=\"07377\" data-caption=\"Bilde nr 07377\" data-title=\"07377\" style=\" height:215px; width:auto;\" \/><\/div><FIGCAPTION class=\"\" data-alpha=\"5\" style=\"color:#ffffff; background-color:#0c0000; font-size:140; text-align:left; font-family:Default;\" ><div class=\"grid-gallery-figcaption-wrap\" style=\"\"><\/div><\/FIGCAPTION><\/FIGURE><FIGURE class=\"grid-gallery-caption\" data-grid-gallery-type=\"quarter-two-step\" data-index=\"8\" style=\"display:none;border-radius:00;; margin:5.15px; height:2150; width:auto;\" ><div class=\"crop\" style=\"\"><img decoding=\"async\" src=\"https:\/\/www.husdyrfoto.no\/wp-content\/uploads\/2017\/11\/07981_46-326x215.jpg\" class=\"ggImg ggNotInitImg\" alt=\"Lekeslossing i fjellet. Geitene til Christian Saxlund\" title=\"07981_46\" data-description=\"07981_46\" data-caption=\"Bilde nr 07981\" data-title=\"07981_46\" style=\" height:215px; width:auto;\" \/><\/div><FIGCAPTION class=\"\" data-alpha=\"5\" style=\"color:#ffffff; background-color:#0c0000; font-size:140; text-align:left; font-family:Default;\" ><div class=\"grid-gallery-figcaption-wrap\" style=\"\"><\/div><\/FIGCAPTION><\/FIGURE><FIGURE class=\"grid-gallery-caption\" data-grid-gallery-type=\"quarter-two-step\" data-index=\"9\" style=\"display:none;border-radius:00;; margin:5.15px; height:2150; width:auto;\" ><div class=\"crop\" style=\"\"><img decoding=\"async\" src=\"https:\/\/www.husdyrfoto.no\/wp-content\/uploads\/2017\/11\/09147-1-338x215.jpg\" class=\"ggImg ggNotInitImg\" alt=\"Geiter i Jordalen\" title=\"09147\" data-description=\"09147\" data-caption=\"Bilde nr 09147\" data-title=\"09147\" style=\" height:215px; width:auto;\" \/><\/div><FIGCAPTION class=\"\" data-alpha=\"5\" style=\"color:#ffffff; background-color:#0c0000; font-size:140; text-align:left; font-family:Default;\" ><div class=\"grid-gallery-figcaption-wrap\" style=\"\"><\/div><\/FIGCAPTION><\/FIGURE><FIGURE class=\"grid-gallery-caption\" data-grid-gallery-type=\"quarter-two-step\" data-index=\"10\" style=\"display:none;border-radius:00;; margin:5.15px; height:2150; width:auto;\" ><div class=\"crop\" style=\"\"><img decoding=\"async\" src=\"https:\/\/www.husdyrfoto.no\/wp-content\/uploads\/2017\/11\/03374_460-325x215.jpg\" class=\"ggImg ggNotInitImg\" alt=\"Norske melkegeiter p\u00e5 G\u00e5laseteren i \u00d8sterdalen\" title=\"03374\" data-description=\"03374\" data-caption=\"Bilde nr 03374\" data-title=\"03374\" style=\" height:215px; width:auto;\" \/><\/div><FIGCAPTION class=\"\" data-alpha=\"5\" style=\"color:#ffffff; background-color:#0c0000; font-size:140; text-align:left; font-family:Default;\" ><div class=\"grid-gallery-figcaption-wrap\" style=\"\"><\/div><\/FIGCAPTION><\/FIGURE><FIGURE class=\"grid-gallery-caption\" data-grid-gallery-type=\"quarter-two-step\" data-index=\"11\" style=\"display:none;border-radius:00;; margin:5.15px; height:2150; width:auto;\" ><div class=\"crop\" style=\"\"><img decoding=\"async\" src=\"https:\/\/www.husdyrfoto.no\/wp-content\/uploads\/2017\/11\/03353_45-331x215.jpg\" class=\"ggImg ggNotInitImg\" alt=\"Geita til Christian Saxlund p\u00e5 G\u00e5laseteren\" title=\"03353\" data-description=\"03353\" data-caption=\"Bilde nr 03353\" data-title=\"03353\" style=\" height:215px; width:auto;\" \/><\/div><FIGCAPTION class=\"\" data-alpha=\"5\" style=\"color:#ffffff; background-color:#0c0000; font-size:140; text-align:left; font-family:Default;\" ><div class=\"grid-gallery-figcaption-wrap\" style=\"\"><\/div><\/FIGCAPTION><\/FIGURE><FIGURE class=\"grid-gallery-caption\" data-grid-gallery-type=\"quarter-two-step\" data-index=\"12\" style=\"display:none;border-radius:00;; margin:5.15px; height:2150; width:auto;\" ><div class=\"crop\" style=\"\"><img decoding=\"async\" src=\"https:\/\/www.husdyrfoto.no\/wp-content\/uploads\/2017\/11\/00504_43-293x215.jpg\" class=\"ggImg ggNotInitImg\" alt=\"Alle dyr liker kraftfor. Geitekillinger intet unntak\" title=\"00504_43\" data-description=\"00504_43\" data-caption=\"Bilde nr 00504\" data-title=\"00504_43\" style=\" height:215px; width:auto;\" \/><\/div><FIGCAPTION class=\"\" data-alpha=\"5\" style=\"color:#ffffff; background-color:#0c0000; font-size:140; text-align:left; font-family:Default;\" ><div class=\"grid-gallery-figcaption-wrap\" style=\"\"><\/div><\/FIGCAPTION><\/FIGURE><FIGURE class=\"grid-gallery-caption\" data-grid-gallery-type=\"quarter-two-step\" data-index=\"13\" style=\"display:none;border-radius:00;; margin:5.15px; height:2150; width:auto;\" ><div class=\"crop\" style=\"\"><img decoding=\"async\" src=\"https:\/\/www.husdyrfoto.no\/wp-content\/uploads\/2017\/11\/56530-323x215.jpg\" class=\"ggImg ggNotInitImg\" alt=\"Kommer det en bil snart?\" title=\"56530\" data-description=\"56530\" data-caption=\"Bilde nr 56530\" data-title=\"56530\" style=\" height:215px; width:auto;\" \/><\/div><FIGCAPTION class=\"\" data-alpha=\"5\" style=\"color:#ffffff; background-color:#0c0000; font-size:140; text-align:left; font-family:Default;\" ><div class=\"grid-gallery-figcaption-wrap\" style=\"\"><\/div><\/FIGCAPTION><\/FIGURE> <div class=\"grid-gallery-clearfix\"><\/div> <\/div> <div class=\"gallery-sharing-bottom\" style=\"display:none;\"> <\/div> <div class=\"gallery-sharing-image\" style=\"display:none;\"> <\/div> <div class=\"gallery-sharing-popup\" style=\"display:none;\"> <\/div> <div class=\"grid-gallery-clearfix\"><\/div> <\/div> <!-- Gallery by Supsystic plugin1.16.0 --><a title=\"WordPress Photo Gallery Plugin\" style=\"display:none;\" href=\"https:\/\/supsystic.com\/plugins\/photo-gallery\/?utm_medium=love_link\" target=\"_blank\">WordPress Photo Gallery Plugin<\/a>\n","protected":false},"excerpt":{"rendered":"<p>Her kommer et lite geitegalleri. &nbsp;<\/p>\n","protected":false},"author":1,"featured_media":83,"parent":10,"menu_order":0,"comment_status":"closed","ping_status":"closed","template":"","meta":{"footnotes":""},"class_list":["post-27","page","type-page","status-publish","has-post-thumbnail","hentry"],"_links":{"self":[{"href":"https:\/\/www.husdyrfoto.no\/index.php?rest_route=\/wp\/v2\/pages\/27","targetHints":{"allow":["GET"]}}],"collection":[{"href":"https:\/\/www.husdyrfoto.no\/index.php?rest_route=\/wp\/v2\/pages"}],"about":[{"href":"https:\/\/www.husdyrfoto.no\/index.php?rest_route=\/wp\/v2\/types\/page"}],"author":[{"embeddable":true,"href":"https:\/\/www.husdyrfoto.no\/index.php?rest_route=\/wp\/v2\/users\/1"}],"replies":[{"embeddable":true,"href":"https:\/\/www.husdyrfoto.no\/index.php?rest_route=%2Fwp%2Fv2%2Fcomments&post=27"}],"version-history":[{"count":6,"href":"https:\/\/www.husdyrfoto.no\/index.php?rest_route=\/wp\/v2\/pages\/27\/revisions"}],"predecessor-version":[{"id":458,"href":"https:\/\/www.husdyrfoto.no\/index.php?rest_route=\/wp\/v2\/pages\/27\/revisions\/458"}],"up":[{"embeddable":true,"href":"https:\/\/www.husdyrfoto.no\/index.php?rest_route=\/wp\/v2\/pages\/10"}],"wp:featuredmedia":[{"embeddable":true,"href":"https:\/\/www.husdyrfoto.no\/index.php?rest_route=\/wp\/v2\/media\/83"}],"wp:attachment":[{"href":"https:\/\/www.husdyrfoto.no\/index.php?rest_route=%2Fwp%2Fv2%2Fmedia&parent=27"}],"curies":[{"name":"wp","href":"https:\/\/api.w.org\/{rel}","templated":true}]}}