{"id":19,"date":"2017-11-01T09:37:15","date_gmt":"2017-11-01T09:37:15","guid":{"rendered":"http:\/\/husdyrfoto.no\/?page_id=19"},"modified":"2017-11-12T10:18:32","modified_gmt":"2017-11-12T10:18:32","slug":"hester","status":"publish","type":"page","link":"https:\/\/www.husdyrfoto.no\/?page_id=19","title":{"rendered":"Hester"},"content":{"rendered":"<p>Her kommer et lite hestegalleri.<\/p>\n<div id=\"grid-gallery-3-216\" data-gg-id=\"3\" data-title=\"Hestegalleri_2\" data-grid-type=\"2\" data-offset=\"10.3\" data-area-position=\"center\" data-icons=\"\" data-preloader=\"true\" data-width=\"auto\" data-height=\"215\" data-padding=\"0\" data-quicksand=\"disabled\" data-quicksand-duration=\"none\" data-popup-theme=\"theme_6\" data-popup-type=\"pretty-photo\" data-popup-image-text=\"data-description\" data-popup-widthsize=\"auto\" data-popup-heightsize=\"auto\" data-popup-i18n-words=\"{&quot;close&quot;:&quot;close&quot;,&quot;next&quot;:&quot;next&quot;,&quot;previous&quot;:&quot;previous&quot;,&quot;start_slideshow&quot;:&quot;start slideshow&quot;,&quot;stop_slideshow&quot;:&quot;stop slideshow&quot;,&quot;image&quot;:&quot;image&quot;,&quot;of&quot;:&quot;of&quot;,&quot;prev&quot;:&quot;prev&quot;,&quot;cExpand&quot;:&quot;Expand&quot;,&quot;cPrevious&quot;:&quot;Previous&quot;,&quot;cNext&quot;:&quot;Next&quot;,&quot;cExpandStr&quot;:&quot;Expand the image&quot;,&quot;cRotate&quot;:&quot;Rotate&quot;,&quot;cDetails&quot;:&quot;Details&quot;}\" data-popup-slideshow=\"false\" data-popup-slideshow-speed=\"2500\" data-popup-hoverstop=\"false\" data-popup-slideshow-auto=\"false\" data-popup-background=\"\" data-popup-transparency=\"30\" data-popup-disable-history=\"\" data-popup-disable-changed-url=\"\" data-popup-border-type=\"\" data-popup-border-color=\"\" data-popup-border-width=\"\" data-popup-border-enable=\"\" data-fullscreen=\"false\" data-hide-tooltip=\"false\" data-caption-font-family=\"Default\" data-caption-text-size=\"140\" data-is-mobile=\"0\" data-caption-mobile=\"false\" data-hide-long-tltp-title=\"0\" data-caption-disabled-on-mobile=\"false\" data-popup-placement-type=\"0\" data-social-sharing=\"{&quot;enabled&quot;:&quot;&quot;,&quot;gallerySharing&quot;:{&quot;enabled&quot;:null,&quot;position&quot;:null},&quot;imageSharing&quot;:{&quot;enabled&quot;:null,&quot;wrapperClass&quot;:&quot; vertical &quot;},&quot;popupSharing&quot;:{&quot;enabled&quot;:null,&quot;wrapperClass&quot;:&quot; vertical &quot;}}\" class=\"grid-gallery grid-gallery-fixed \" style=\" width:100%; height:auto; margin-left:auto; margin-right:auto;position:relative;\"> <div class=\"gallery-loading\"> <div class=\"blocks\"> <div class=\"block\"><\/div> <div class=\"block\"><\/div> <div class=\"block\"><\/div> <div class=\"block\"><\/div> <\/div> <\/div> <div class=\"gallery-sharing-top\" style=\"display:none;\"> <\/div> <div id=\"photos-3\" class=\"grid-gallery-photos\"><FIGURE class=\"grid-gallery-caption\" data-grid-gallery-type=\"quarter-slide-up\" data-index=\"0\" style=\"display:none;border-radius:00;; margin:5.15px; height:2150; width:auto;\" ><div class=\"crop\" style=\"\"><img decoding=\"async\" src=\"https:\/\/www.husdyrfoto.no\/wp-content\/uploads\/2017\/11\/74386-324x215.jpg\" class=\"ggImg ggNotInitImg\" alt=\"Hingsteslepp p\u00e5 Voss\" title=\"74386\" data-description=\"74386\" data-caption=\"Bilde nr 74386\" data-title=\"74386\" style=\" height:215px; width:auto;\" \/><\/div><FIGCAPTION class=\"\" data-alpha=\"5\" style=\"color:#ffffff; background-color:#0c0000; font-size:140; text-align:left; font-family:Default;\" ><div class=\"grid-gallery-figcaption-wrap\" style=\"\"><\/div><\/FIGCAPTION><\/FIGURE><FIGURE class=\"grid-gallery-caption\" data-grid-gallery-type=\"quarter-slide-up\" data-index=\"1\" style=\"display:none;border-radius:00;; margin:5.15px; height:2150; width:auto;\" ><div class=\"crop\" style=\"\"><img decoding=\"async\" src=\"https:\/\/www.husdyrfoto.no\/wp-content\/uploads\/2017\/11\/72647-139x215.jpg\" class=\"ggImg ggNotInitImg\" alt=\"Selfie av en fjording, en telemarksku og en telemarksokse\" title=\"72647\" data-description=\"72647\" data-caption=\"Bilde nr 72647\" data-title=\"72647\" style=\" height:215px; width:auto;\" \/><\/div><FIGCAPTION class=\"\" data-alpha=\"5\" style=\"color:#ffffff; background-color:#0c0000; font-size:140; text-align:left; font-family:Default;\" ><div class=\"grid-gallery-figcaption-wrap\" style=\"\"><\/div><\/FIGCAPTION><\/FIGURE><FIGURE class=\"grid-gallery-caption\" data-grid-gallery-type=\"quarter-slide-up\" data-index=\"2\" style=\"display:none;border-radius:00;; margin:5.15px; height:2150; width:auto;\" ><div class=\"crop\" style=\"\"><img decoding=\"async\" src=\"https:\/\/www.husdyrfoto.no\/wp-content\/uploads\/2017\/11\/65130-349x215.jpg\" class=\"ggImg ggNotInitImg\" alt=\"T\u00f8rrh\u00f8y og teppe p\u00e5 ryggen etter en arbeids\u00f8kt\" title=\"65130\" data-description=\"65130\" data-caption=\"Bilde nr 65130\" data-title=\"65130\" style=\" height:215px; width:auto;\" \/><\/div><FIGCAPTION class=\"\" data-alpha=\"5\" style=\"color:#ffffff; background-color:#0c0000; font-size:140; text-align:left; font-family:Default;\" ><div class=\"grid-gallery-figcaption-wrap\" style=\"\"><\/div><\/FIGCAPTION><\/FIGURE><FIGURE class=\"grid-gallery-caption\" data-grid-gallery-type=\"quarter-slide-up\" data-index=\"3\" style=\"display:none;border-radius:00;; margin:5.15px; height:2150; width:auto;\" ><div class=\"crop\" style=\"\"><img decoding=\"async\" src=\"https:\/\/www.husdyrfoto.no\/wp-content\/uploads\/2017\/11\/51496-3-340x215.jpg\" class=\"ggImg ggNotInitImg\" alt=\"Nordlandshester foran syrinene\" title=\"51496-3\" data-description=\"51496-3\" data-caption=\"Bilde nr 51496\" data-title=\"51496-3\" style=\" height:215px; width:auto;\" \/><\/div><FIGCAPTION class=\"\" data-alpha=\"5\" style=\"color:#ffffff; background-color:#0c0000; font-size:140; text-align:left; font-family:Default;\" ><div class=\"grid-gallery-figcaption-wrap\" style=\"\"><\/div><\/FIGCAPTION><\/FIGURE><FIGURE class=\"grid-gallery-caption\" data-grid-gallery-type=\"quarter-slide-up\" data-index=\"4\" style=\"display:none;border-radius:00;; margin:5.15px; height:2150; width:auto;\" ><div class=\"crop\" style=\"\"><img decoding=\"async\" src=\"https:\/\/www.husdyrfoto.no\/wp-content\/uploads\/2017\/11\/01958-306x215.jpg\" class=\"ggImg ggNotInitImg\" alt=\"D\u00f8lahoppe med f\u00f8ll og ekstrapassasjer\" title=\"01958\" data-description=\"01958\" data-caption=\"Bilde nr 01958\" data-title=\"01958\" style=\" height:215px; width:auto;\" \/><\/div><FIGCAPTION class=\"\" data-alpha=\"5\" style=\"color:#ffffff; background-color:#0c0000; font-size:140; text-align:left; font-family:Default;\" ><div class=\"grid-gallery-figcaption-wrap\" style=\"\"><\/div><\/FIGCAPTION><\/FIGURE><FIGURE class=\"grid-gallery-caption\" data-grid-gallery-type=\"quarter-slide-up\" data-index=\"5\" style=\"display:none;border-radius:00;; margin:5.15px; height:2150; width:auto;\" ><div class=\"crop\" style=\"\"><img decoding=\"async\" src=\"https:\/\/www.husdyrfoto.no\/wp-content\/uploads\/2017\/11\/00583_12-337x215.jpg\" class=\"ggImg ggNotInitImg\" alt=\"Hestemelk er s\u00f8tere enn kumelk, og det liker vestlandsk fjordfekalven\" title=\"00583_1+2\" data-description=\"00583_1+2\" data-caption=\"Bilde nr 00583\" data-title=\"00583_1+2\" style=\" height:215px; width:auto;\" \/><\/div><FIGCAPTION class=\"\" data-alpha=\"5\" style=\"color:#ffffff; background-color:#0c0000; font-size:140; text-align:left; font-family:Default;\" ><div class=\"grid-gallery-figcaption-wrap\" style=\"\"><\/div><\/FIGCAPTION><\/FIGURE><FIGURE class=\"grid-gallery-caption\" data-grid-gallery-type=\"quarter-slide-up\" data-index=\"6\" style=\"display:none;border-radius:00;; margin:5.15px; height:2150; width:auto;\" ><div class=\"crop\" style=\"\"><img decoding=\"async\" src=\"https:\/\/www.husdyrfoto.no\/wp-content\/uploads\/2017\/11\/00425_17-145x215.jpg\" class=\"ggImg ggNotInitImg\" alt=\"Den gang vinter var vinter. D\u00f8lahest foran sleden hos Vera Gjers\u00f8e\" title=\"00425\" data-description=\"00425\" data-caption=\"Bilde nr 00425\" data-title=\"00425\" style=\" height:215px; width:auto;\" \/><\/div><FIGCAPTION class=\"\" data-alpha=\"5\" style=\"color:#ffffff; background-color:#0c0000; font-size:140; text-align:left; font-family:Default;\" ><div class=\"grid-gallery-figcaption-wrap\" style=\"\"><\/div><\/FIGCAPTION><\/FIGURE><FIGURE class=\"grid-gallery-caption\" data-grid-gallery-type=\"quarter-slide-up\" data-index=\"7\" style=\"display:none;border-radius:00;; margin:5.15px; height:2150; width:auto;\" ><div class=\"crop\" style=\"\"><img decoding=\"async\" src=\"https:\/\/www.husdyrfoto.no\/wp-content\/uploads\/2017\/11\/00371_10-4-332x215.jpg\" class=\"ggImg ggNotInitImg\" alt=\"Tre d\u00f8lahester leker i sn\u00f8en hos Vera Gjers\u00f8e\" title=\"Bilde nr 00371\" data-description=\"Bilde nr 00371\" data-caption=\"Bilde nr 00371\" data-title=\"Bilde nr 00371\" style=\" height:215px; width:auto;\" \/><\/div><FIGCAPTION class=\"\" data-alpha=\"5\" style=\"color:#ffffff; background-color:#0c0000; font-size:140; text-align:left; font-family:Default;\" ><div class=\"grid-gallery-figcaption-wrap\" style=\"\"><\/div><\/FIGCAPTION><\/FIGURE><FIGURE class=\"grid-gallery-caption\" data-grid-gallery-type=\"quarter-slide-up\" data-index=\"8\" style=\"display:none;border-radius:00;; margin:5.15px; height:2150; width:auto;\" ><div class=\"crop\" style=\"\"><img decoding=\"async\" src=\"https:\/\/www.husdyrfoto.no\/wp-content\/uploads\/2017\/11\/MG_0781-307x215.jpg\" class=\"ggImg ggNotInitImg\" alt=\"Lapphunden Embla snuser p\u00e5 d\u00f8laf\u00f8llet\" title=\"MG_0781\" data-description=\"MG_0781\" data-caption=\"Bilde nr MG_0781\" data-title=\"MG_0781\" style=\" height:215px; width:auto;\" \/><\/div><FIGCAPTION class=\"\" data-alpha=\"5\" style=\"color:#ffffff; background-color:#0c0000; font-size:140; text-align:left; font-family:Default;\" ><div class=\"grid-gallery-figcaption-wrap\" style=\"\"><\/div><\/FIGCAPTION><\/FIGURE><FIGURE class=\"grid-gallery-caption\" data-grid-gallery-type=\"quarter-slide-up\" data-index=\"9\" style=\"display:none;border-radius:00;; margin:5.15px; height:2150; width:auto;\" ><div class=\"crop\" style=\"\"><img decoding=\"async\" src=\"https:\/\/www.husdyrfoto.no\/wp-content\/uploads\/2017\/11\/MG_0531-160x215.jpg\" class=\"ggImg ggNotInitImg\" alt=\"Full galopp med Meringa Lena og f\u00f8llet Meringa Mona\" title=\"_MG_0531\" data-description=\"_MG_0531\" data-caption=\"Bilde nr MG_0531\" data-title=\"_MG_0531\" style=\" height:215px; width:auto;\" \/><\/div><FIGCAPTION class=\"\" data-alpha=\"5\" style=\"color:#ffffff; background-color:#0c0000; font-size:140; text-align:left; font-family:Default;\" ><div class=\"grid-gallery-figcaption-wrap\" style=\"\"><\/div><\/FIGCAPTION><\/FIGURE><FIGURE class=\"grid-gallery-caption\" data-grid-gallery-type=\"quarter-slide-up\" data-index=\"10\" style=\"display:none;border-radius:00;; margin:5.15px; height:2150; width:auto;\" ><div class=\"crop\" style=\"\"><img decoding=\"async\" src=\"https:\/\/www.husdyrfoto.no\/wp-content\/uploads\/2017\/11\/59346-323x215.jpg\" class=\"ggImg ggNotInitImg\" alt=\"Fjordinghoppe med f\u00f8ll hos Kristian Bakken\" title=\"59346\" data-description=\"59346\" data-caption=\"Bilde nr 59346. \" data-title=\"59346\" style=\" height:215px; width:auto;\" \/><\/div><FIGCAPTION class=\"\" data-alpha=\"5\" style=\"color:#ffffff; background-color:#0c0000; font-size:140; text-align:left; font-family:Default;\" ><div class=\"grid-gallery-figcaption-wrap\" style=\"\"><\/div><\/FIGCAPTION><\/FIGURE><FIGURE class=\"grid-gallery-caption\" data-grid-gallery-type=\"quarter-slide-up\" data-index=\"11\" style=\"display:none;border-radius:00;; margin:5.15px; height:2150; width:auto;\" ><div class=\"crop\" style=\"\"><img decoding=\"async\" src=\"https:\/\/www.husdyrfoto.no\/wp-content\/uploads\/2017\/11\/20044_152-139x215.jpg\" class=\"ggImg ggNotInitImg\" alt=\"Portrett av et d\u00f8laf\u00f8ll hos Vera Gjers\u00f8e\" title=\"20044\" data-description=\"20044\" data-caption=\"Bilde nr 20044\" data-title=\"20044\" style=\" height:215px; width:auto;\" \/><\/div><FIGCAPTION class=\"\" data-alpha=\"5\" style=\"color:#ffffff; background-color:#0c0000; font-size:140; text-align:left; font-family:Default;\" ><div class=\"grid-gallery-figcaption-wrap\" style=\"\"><\/div><\/FIGCAPTION><\/FIGURE><FIGURE class=\"grid-gallery-caption\" data-grid-gallery-type=\"quarter-slide-up\" data-index=\"12\" style=\"display:none;border-radius:00;; margin:5.15px; height:2150; width:auto;\" ><div class=\"crop\" style=\"\"><img decoding=\"async\" src=\"https:\/\/www.husdyrfoto.no\/wp-content\/uploads\/2017\/11\/13086_165-352x215.jpg\" class=\"ggImg ggNotInitImg\" alt=\"Hestene m\u00f8tes over skigarden\" title=\"13086_165\" data-description=\"13086_165\" data-caption=\"Bilde nr 13086. \" data-title=\"13086_165\" style=\" height:215px; width:auto;\" \/><\/div><FIGCAPTION class=\"\" data-alpha=\"5\" style=\"color:#ffffff; background-color:#0c0000; font-size:140; text-align:left; font-family:Default;\" ><div class=\"grid-gallery-figcaption-wrap\" style=\"\"><\/div><\/FIGCAPTION><\/FIGURE><FIGURE class=\"grid-gallery-caption\" data-grid-gallery-type=\"quarter-slide-up\" data-index=\"13\" style=\"display:none;border-radius:00;; margin:5.15px; height:2150; width:auto;\" ><div class=\"crop\" style=\"\"><img decoding=\"async\" src=\"https:\/\/www.husdyrfoto.no\/wp-content\/uploads\/2017\/11\/11303-2-322x215.jpg\" class=\"ggImg ggNotInitImg\" alt=\"Seks hester foran harven p\u00e5 Tomb Jordbruksskole, J\u00f8rgen Kvarme\" title=\"11303\" data-description=\"11303\" data-caption=\"Bilde nr 11303\" data-title=\"11303\" style=\" height:215px; width:auto;\" \/><\/div><FIGCAPTION class=\"\" data-alpha=\"5\" style=\"color:#ffffff; background-color:#0c0000; font-size:140; text-align:left; font-family:Default;\" ><div class=\"grid-gallery-figcaption-wrap\" style=\"\"><\/div><\/FIGCAPTION><\/FIGURE><FIGURE class=\"grid-gallery-caption\" data-grid-gallery-type=\"quarter-slide-up\" data-index=\"14\" style=\"display:none;border-radius:00;; margin:5.15px; height:2150; width:auto;\" ><div class=\"crop\" style=\"\"><img decoding=\"async\" src=\"https:\/\/www.husdyrfoto.no\/wp-content\/uploads\/2017\/11\/58834-375x215.jpg\" class=\"ggImg ggNotInitImg\" alt=\"Skal vi leke?\" title=\"58834\" data-description=\"58834\" data-caption=\"Bilde nr 58834\" data-title=\"58834\" style=\" height:215px; width:auto;\" \/><\/div><FIGCAPTION class=\"\" data-alpha=\"5\" style=\"color:#ffffff; background-color:#0c0000; font-size:140; text-align:left; font-family:Default;\" ><div class=\"grid-gallery-figcaption-wrap\" style=\"\"><\/div><\/FIGCAPTION><\/FIGURE><FIGURE class=\"grid-gallery-caption\" data-grid-gallery-type=\"quarter-slide-up\" data-index=\"15\" style=\"display:none;border-radius:00;; margin:5.15px; height:2150; width:auto;\" ><div class=\"crop\" style=\"\"><img decoding=\"async\" src=\"https:\/\/www.husdyrfoto.no\/wp-content\/uploads\/2017\/11\/58980-317x215.jpg\" class=\"ggImg ggNotInitImg\" alt=\"To fjordingf\u00f8ll i ivrig samtale\" title=\"58980\" data-description=\"58980\" data-caption=\"Bilde nr 58980\" data-title=\"58980\" style=\" height:215px; width:auto;\" \/><\/div><FIGCAPTION class=\"\" data-alpha=\"5\" style=\"color:#ffffff; background-color:#0c0000; font-size:140; text-align:left; font-family:Default;\" ><div class=\"grid-gallery-figcaption-wrap\" style=\"\"><\/div><\/FIGCAPTION><\/FIGURE><FIGURE class=\"grid-gallery-caption\" data-grid-gallery-type=\"quarter-slide-up\" data-index=\"16\" style=\"display:none;border-radius:00;; margin:5.15px; height:2150; width:auto;\" ><div class=\"crop\" style=\"\"><img decoding=\"async\" src=\"https:\/\/www.husdyrfoto.no\/wp-content\/uploads\/2017\/11\/59044-145x215.jpg\" class=\"ggImg ggNotInitImg\" alt=\"&quot;Hvem er du&quot; sp\u00f8r fjordingf\u00f8llet\" title=\"59044\" data-description=\"59044\" data-caption=\"Bilde nr 59044\" data-title=\"59044\" style=\" height:215px; width:auto;\" \/><\/div><FIGCAPTION class=\"\" data-alpha=\"5\" style=\"color:#ffffff; background-color:#0c0000; font-size:140; text-align:left; font-family:Default;\" ><div class=\"grid-gallery-figcaption-wrap\" style=\"\"><\/div><\/FIGCAPTION><\/FIGURE><FIGURE class=\"grid-gallery-caption\" data-grid-gallery-type=\"quarter-slide-up\" data-index=\"17\" style=\"display:none;border-radius:00;; margin:5.15px; height:2150; width:auto;\" ><div class=\"crop\" style=\"\"><img decoding=\"async\" src=\"https:\/\/www.husdyrfoto.no\/wp-content\/uploads\/2017\/11\/60058-351x215.jpg\" class=\"ggImg ggNotInitImg\" alt=\"Telemarkskalven og fjordingf\u00f8llets f\u00f8rste m\u00f8te\" title=\"60058\" data-description=\"60058\" data-caption=\"Bilde nr 60058\" data-title=\"60058\" style=\" height:215px; width:auto;\" \/><\/div><FIGCAPTION class=\"\" data-alpha=\"5\" style=\"color:#ffffff; background-color:#0c0000; font-size:140; text-align:left; font-family:Default;\" ><div class=\"grid-gallery-figcaption-wrap\" style=\"\"><\/div><\/FIGCAPTION><\/FIGURE> <div class=\"grid-gallery-clearfix\"><\/div> <\/div> <div class=\"gallery-sharing-bottom\" style=\"display:none;\"> <\/div> <div class=\"gallery-sharing-image\" style=\"display:none;\"> <\/div> <div class=\"gallery-sharing-popup\" style=\"display:none;\"> <\/div> <div class=\"grid-gallery-clearfix\"><\/div> <\/div> <!-- Gallery by Supsystic plugin1.16.0 --><a title=\"WordPress Photo Gallery Plugin\" style=\"display:none;\" href=\"https:\/\/supsystic.com\/plugins\/photo-gallery\/?utm_medium=love_link\" target=\"_blank\">WordPress Photo Gallery Plugin<\/a>\n","protected":false},"excerpt":{"rendered":"<p>Her kommer et lite hestegalleri.<\/p>\n","protected":false},"author":1,"featured_media":98,"parent":10,"menu_order":0,"comment_status":"closed","ping_status":"closed","template":"","meta":{"footnotes":""},"class_list":["post-19","page","type-page","status-publish","has-post-thumbnail","hentry"],"_links":{"self":[{"href":"https:\/\/www.husdyrfoto.no\/index.php?rest_route=\/wp\/v2\/pages\/19","targetHints":{"allow":["GET"]}}],"collection":[{"href":"https:\/\/www.husdyrfoto.no\/index.php?rest_route=\/wp\/v2\/pages"}],"about":[{"href":"https:\/\/www.husdyrfoto.no\/index.php?rest_route=\/wp\/v2\/types\/page"}],"author":[{"embeddable":true,"href":"https:\/\/www.husdyrfoto.no\/index.php?rest_route=\/wp\/v2\/users\/1"}],"replies":[{"embeddable":true,"href":"https:\/\/www.husdyrfoto.no\/index.php?rest_route=%2Fwp%2Fv2%2Fcomments&post=19"}],"version-history":[{"count":8,"href":"https:\/\/www.husdyrfoto.no\/index.php?rest_route=\/wp\/v2\/pages\/19\/revisions"}],"predecessor-version":[{"id":460,"href":"https:\/\/www.husdyrfoto.no\/index.php?rest_route=\/wp\/v2\/pages\/19\/revisions\/460"}],"up":[{"embeddable":true,"href":"https:\/\/www.husdyrfoto.no\/index.php?rest_route=\/wp\/v2\/pages\/10"}],"wp:featuredmedia":[{"embeddable":true,"href":"https:\/\/www.husdyrfoto.no\/index.php?rest_route=\/wp\/v2\/media\/98"}],"wp:attachment":[{"href":"https:\/\/www.husdyrfoto.no\/index.php?rest_route=%2Fwp%2Fv2%2Fmedia&parent=19"}],"curies":[{"name":"wp","href":"https:\/\/api.w.org\/{rel}","templated":true}]}}